{"id":317,"date":"2020-06-24T11:47:45","date_gmt":"2020-06-24T09:47:45","guid":{"rendered":"http:\/\/solidrive.fr\/?page_id=317"},"modified":"2023-04-21T16:07:15","modified_gmt":"2023-04-21T14:07:15","slug":"mentions-legales-solidrive","status":"publish","type":"page","link":"https:\/\/solidrive.fr\/index.php\/mentions-legales-solidrive\/","title":{"rendered":"Mentions l\u00e9gales"},"content":{"rendered":"<p>[et_pb_section fb_built=\u00a0\u00bb1&Prime; _builder_version=\u00a0\u00bb4.4.6&Prime;][et_pb_row _builder_version=\u00a0\u00bb4.4.6&Prime;][et_pb_column type=\u00a0\u00bb4_4&Prime; _builder_version=\u00a0\u00bb4.4.6&Prime;][et_pb_text _builder_version=\u00a0\u00bb4.4.6&Prime; hover_enabled=\u00a0\u00bb0&Prime;]<\/p>\n<div class=\"container\">\n<div class=\"col-sm-12 wow slideInLeft\" style=\"visibility: visible; animation-duration: 0.4s; animation-delay: 0.2s; animation-name: slideInLeft;\" data-wow-duration=\"0.4s\" data-wow-delay=\"0.2s\">\n<div class=\"row texte_redac\">\n<p>Mentions L\u00e9gales SoliDrive<\/p>\n<h2>Responsable de publication<\/h2>\n<p>Mme H\u00e9l\u00e8ne<span style=\"box-sizing: border-box; margin: 0px; padding: 0px; border: 0px; outline: 0px; font-size: 16px; text-size-adjust: 100%; vertical-align: baseline; background: #ffffff; color: #666666; font-family: 'Open Sans', Arial, sans-serif; font-style: normal; font-variant-ligatures: normal; font-variant-caps: normal; letter-spacing: normal; orphans: 2; text-align: center; text-indent: 0px; text-transform: none; white-space: normal; widows: 2; word-spacing: 0px; -webkit-text-stroke-width: 0px; text-decoration-style: initial; text-decoration-color: initial; font-weight: 400;\">\u00a0Fiorentino-Moro<\/span><\/p>\n<h2>Copyright et Propri\u00e9t\u00e9 intellectuelle<\/h2>\n<p>Article L. 122-4 du code de la propri\u00e9t\u00e9 intellectuelle : Toute repr\u00e9sentation ou reproduction int\u00e9grale ou partielle faite sans le consentement de l&rsquo;auteur ou de ses ayants droit ou ayants cause est illicite. Il en est de m\u00eame pour la traduction, l&rsquo;adaptation ou la transformation, l&rsquo;arrangement ou la reproduction par un art ou un proc\u00e9d\u00e9 quelconque.<\/p>\n<p>Si vous souhaitez reproduire des documents contenus dans notre site, uniquement \u00e0 des fins non lucratives, vous devez avant toute diffusion obtenir notre autorisation \u00e9crite pr\u00e9alable. Pour cela, vous devez nous adresser une demande \u00e9crite (par e-mail ou par courrier postal) en pr\u00e9cisant le contenu exact de ce que vous souhaitez reproduire. Apr\u00e8s accord, il vous sera demand\u00e9 de citer pr\u00e9cis\u00e9ment les sources.<\/p>\n<p>En outre, il vous est interdit de proc\u00e9der \u00e0 une extraction qualitativement ou quantitativement substantielle des bases de donn\u00e9es mises en ligne sur le site sbsr.fr, ou d&rsquo;utiliser ces bases de donn\u00e9es dans un cadre anormal.<\/p>\n<h2>Lien vers d&rsquo;autres sites Internet<\/h2>\n<p>Le site Internet <a href=\"https:\/\/solidrive.fr\/\">solidrive.fr<\/a> donne acc\u00e8s \u00e0 des <a href=\"https:\/\/www.helloasso.com\/associations\/consom-actes-coeur-47\/formulaires\/1\">sites Internet ext\u00e9rieurs<\/a>, par des liens hypertextes.<\/p>\n<p>Bien que le choix des liens vers des sites Internet ext\u00e9rieurs ait fait l&rsquo;objet de soin et de vigilance, solidrive.fr ne peut \u00eatre tenue pour responsable de la mise \u00e0 disposition de ces sites Internet ext\u00e9rieurs.<\/p>\n<p>Solidrive.fr ne peut supporter une quelconque responsabilit\u00e9 quant au contenu, publicit\u00e9s, produits, services ou tout autre mat\u00e9riel provenant de ces sites Internet ext\u00e9rieurs ou disponibles sur ou \u00e0 partir de ces sites Internet ext\u00e9rieurs.<\/p>\n<h2>Webdesign &amp; D\u00e9veloppement web<\/h2>\n<address><strong>SBSR.fr<\/strong><br \/>\n1 all\u00e9e des Pins<br \/>\n47310 ESTILLAC<\/p>\n<p>Mail : contact@sbsr.fr<br \/>\nSite : sbsr.fr<br \/>\nT\u00e9l. : 05 53 47 47 35<\/p>\n<\/address>\n<h2>H\u00e9bergement<\/h2>\n<address><strong>OVH SAS<\/strong><br \/>\n140 Quai du Sartel<br \/>\n59100 Roubaix<br \/>\nFrance<\/p>\n<p>RCS Roubaix &#8211; Tourcoing 424 761 419 00011<br \/>\nCode APE 721Z<br \/>\nN\u00b0 TVA : FR 22-424-761-419-00011<\/p>\n<\/address>\n<\/div>\n<\/div>\n<\/div>\n<p>[\/et_pb_text][\/et_pb_column][\/et_pb_row][\/et_pb_section]<\/p>\n<p>Mentions L\u00e9gales SoliDrive<\/p>\n","protected":false},"excerpt":{"rendered":"<p>Mentions L\u00e9gales SoliDrive Responsable de publication Mme H\u00e9l\u00e8ne\u00a0Fiorentino-Moro Copyright et Propri\u00e9t\u00e9 intellectuelle Article L. 122-4 du code de la propri\u00e9t\u00e9 intellectuelle : Toute repr\u00e9sentation ou reproduction int\u00e9grale ou partielle faite sans le consentement de l&rsquo;auteur ou de ses ayants droit ou ayants cause est illicite. Il en est de m\u00eame pour la traduction, l&rsquo;adaptation ou [&hellip;]<\/p>\n","protected":false},"author":1,"featured_media":0,"parent":0,"menu_order":0,"comment_status":"closed","ping_status":"closed","template":"","meta":{"_et_pb_use_builder":"on","_et_pb_old_content":"","_et_gb_content_width":"","om_disable_all_campaigns":false,"_monsterinsights_skip_tracking":false,"_monsterinsights_sitenote_active":false,"_monsterinsights_sitenote_note":"","_monsterinsights_sitenote_category":0,"_uf_show_specific_survey":0,"_uf_disable_surveys":false,"footnotes":""},"class_list":["post-317","page","type-page","status-publish","hentry"],"aioseo_notices":[],"_links":{"self":[{"href":"https:\/\/solidrive.fr\/index.php\/wp-json\/wp\/v2\/pages\/317","targetHints":{"allow":["GET"]}}],"collection":[{"href":"https:\/\/solidrive.fr\/index.php\/wp-json\/wp\/v2\/pages"}],"about":[{"href":"https:\/\/solidrive.fr\/index.php\/wp-json\/wp\/v2\/types\/page"}],"author":[{"embeddable":true,"href":"https:\/\/solidrive.fr\/index.php\/wp-json\/wp\/v2\/users\/1"}],"replies":[{"embeddable":true,"href":"https:\/\/solidrive.fr\/index.php\/wp-json\/wp\/v2\/comments?post=317"}],"version-history":[{"count":5,"href":"https:\/\/solidrive.fr\/index.php\/wp-json\/wp\/v2\/pages\/317\/revisions"}],"predecessor-version":[{"id":1478,"href":"https:\/\/solidrive.fr\/index.php\/wp-json\/wp\/v2\/pages\/317\/revisions\/1478"}],"wp:attachment":[{"href":"https:\/\/solidrive.fr\/index.php\/wp-json\/wp\/v2\/media?parent=317"}],"curies":[{"name":"wp","href":"https:\/\/api.w.org\/{rel}","templated":true}]}}