{"id":31,"date":"2020-05-10T14:15:07","date_gmt":"2020-05-10T12:15:07","guid":{"rendered":"http:\/\/solidrive.fr\/?page_id=31"},"modified":"2025-01-17T13:47:18","modified_gmt":"2025-01-17T12:47:18","slug":"nous-soutenir-solidrive-agen-et-foulayronnes-47","status":"publish","type":"page","link":"https:\/\/solidrive.fr\/index.php\/nous-soutenir-solidrive-agen-et-foulayronnes-47\/","title":{"rendered":"Nous soutenir"},"content":{"rendered":"<p>[et_pb_section fb_built=\u00a0\u00bb1&Prime; admin_label=\u00a0\u00bbPage Header\u00a0\u00bb _builder_version=\u00a0\u00bb3.22&Prime; background_image=\u00a0\u00bbhttps:\/\/solidrive.fr\/wp-content\/uploads\/2020\/06\/circle-background-pattern.png\u00a0\u00bb custom_padding=\u00a0\u00bb30px|0px|15.2px|0px|false|false\u00a0\u00bb animation_style=\u00a0\u00bbzoom\u00a0\u00bb animation_intensity_zoom=\u00a0\u00bb4%\u00a0\u00bb global_colors_info=\u00a0\u00bb{}\u00a0\u00bb][et_pb_row _builder_version=\u00a0\u00bb3.25&Prime; background_size=\u00a0\u00bbinitial\u00a0\u00bb background_position=\u00a0\u00bbtop_left\u00a0\u00bb background_repeat=\u00a0\u00bbrepeat\u00a0\u00bb custom_padding=\u00a0\u00bb|||\u00a0\u00bb animation_style=\u00a0\u00bbslide\u00a0\u00bb animation_direction=\u00a0\u00bbtop\u00a0\u00bb animation_intensity_slide=\u00a0\u00bb3%\u00a0\u00bb global_colors_info=\u00a0\u00bb{}\u00a0\u00bb][et_pb_column type=\u00a0\u00bb4_4&Prime; _builder_version=\u00a0\u00bb3.25&Prime; custom_padding=\u00a0\u00bb|||\u00a0\u00bb global_colors_info=\u00a0\u00bb{}\u00a0\u00bb custom_padding__hover=\u00a0\u00bb|||\u00a0\u00bb][et_pb_text _builder_version=\u00a0\u00bb4.10.8&Prime; text_font=\u00a0\u00bb||||||||\u00a0\u00bb header_font=\u00a0\u00bbMontserrat|700||on|||||dotted\u00a0\u00bb header_text_color=\u00a0\u00bb#a33da3&Prime; header_font_size=\u00a0\u00bb38px\u00a0\u00bb header_line_height=\u00a0\u00bb1.3em\u00a0\u00bb background_size=\u00a0\u00bbinitial\u00a0\u00bb background_position=\u00a0\u00bbtop_left\u00a0\u00bb background_repeat=\u00a0\u00bbrepeat\u00a0\u00bb custom_margin=\u00a0\u00bb|||\u00a0\u00bb animation_style=\u00a0\u00bbfade\u00a0\u00bb header_font_size_last_edited=\u00a0\u00bboff|desktop\u00a0\u00bb locked=\u00a0\u00bboff\u00a0\u00bb global_colors_info=\u00a0\u00bb{}\u00a0\u00bb]<\/p>\n<p><span style=\"color: #f7b365;\"><strong>Nous soutenir<\/strong><\/span><\/p>\n<p>[\/et_pb_text][\/et_pb_column][\/et_pb_row][\/et_pb_section][et_pb_section fb_built=\u00a0\u00bb1&Prime; _builder_version=\u00a0\u00bb4.4.6&Prime; min_height=\u00a0\u00bb388px\u00a0\u00bb global_colors_info=\u00a0\u00bb{}\u00a0\u00bb][et_pb_row _builder_version=\u00a0\u00bb4.10.8&Prime; background_color=\u00a0\u00bbRGBA(0,0,0,0)\u00a0\u00bb custom_margin=\u00a0\u00bb-59px|auto||auto||\u00a0\u00bb hover_enabled=\u00a0\u00bb0&Prime; global_colors_info=\u00a0\u00bb{}\u00a0\u00bb sticky_enabled=\u00a0\u00bb0&Prime;][et_pb_column type=\u00a0\u00bb4_4&Prime; _builder_version=\u00a0\u00bb4.4.6&Prime; global_colors_info=\u00a0\u00bb{}\u00a0\u00bb][et_pb_cta button_text=\u00a0\u00bbcontactez nous\u00a0\u00bb _builder_version=\u00a0\u00bb4.10.8&Prime; background_color=\u00a0\u00bbRGBA(0,0,0,0)\u00a0\u00bb hover_enabled=\u00a0\u00bb0&Prime; global_colors_info=\u00a0\u00bb{}\u00a0\u00bb sticky_enabled=\u00a0\u00bb0&Prime;]<\/p>\n<p><span style=\"font-size: 14px; color: #3ca17d;\">Gr\u00e2ce \u00e0 notre reconnaissance d\u2019utilit\u00e9 sociale, vous b\u00e9n\u00e9ficiez d\u2019une r\u00e9duction d\u2019imp\u00f4ts.<\/span><\/p>\n<p><span style=\"font-weight: 400;\"><span style=\"color: #3ca17d;\">TOUS SOUTIENNENT NOTRE ASSOCIATION PAR LEURS GESTES SOLIDAIRES ET CITOYENS !<\/span>\u00a0<\/span><\/p>\n<p><span style=\"color: #f7d0a3;\"><strong><em><a href=\"https:\/\/solidrive.fr\/index.php\/devenez-partenaires-solidrive\/\" style=\"color: #f7d0a3;\">REJOIGNEZ-LES !<\/a><\/em><\/strong><\/span><\/p>\n<p style=\"text-align: left;\"><span style=\"font-weight: 400; color: #3ca17d;\">R\u00e9duction fiscale : <\/span><\/p>\n<p><span style=\"color: #3ca17d;\">\u2022 Si vous \u00eates un particulier, la r\u00e9duction d\u2019imp\u00f4t est de 66% dans la limite de 20% de votre revenu net imposable (au-del\u00e0 de 20%, l\u2019exc\u00e9dent est reportable sur les 5 ann\u00e9es suivantes).<\/span><\/p>\n<p style=\"text-align: left;\"><span style=\"font-weight: 400; color: #3ca17d;\">\u2022 Si vous \u00eates une entreprise assujettie \u00e0 l\u2019imp\u00f4t sur les soci\u00e9t\u00e9s, 60% du montant de votre don sont d\u00e9ductibles de votre imp\u00f4t dans la limite de 0,5% de votre chiffre d\u2019affaires H.T (pour 2020).<\/span><\/p>\n<p>[\/et_pb_cta][\/et_pb_column][\/et_pb_row][et_pb_row _builder_version=\u00a0\u00bb4.10.8&Prime; global_colors_info=\u00a0\u00bb{}\u00a0\u00bb][et_pb_column type=\u00a0\u00bb4_4&Prime; _builder_version=\u00a0\u00bb4.4.6&Prime; global_colors_info=\u00a0\u00bb{}\u00a0\u00bb][et_pb_button button_url=\u00a0\u00bbhttps:\/\/www.helloasso.com\/associations\/consom-actes-coeur-47\/formulaires\/1&Prime; button_text=\u00a0\u00bbFaire un don\u00a0\u00bb button_alignment=\u00a0\u00bbcenter\u00a0\u00bb _builder_version=\u00a0\u00bb4.10.8&Prime; custom_button=\u00a0\u00bbon\u00a0\u00bb button_text_size=\u00a0\u00bb32px\u00a0\u00bb button_text_color=\u00a0\u00bb#3CA17D\u00a0\u00bb button_bg_color=\u00a0\u00bbRGBA(0,0,0,0)\u00a0\u00bb button_font=\u00a0\u00bbActor||||||||\u00a0\u00bb animation_style=\u00a0\u00bbroll\u00a0\u00bb animation_delay=\u00a0\u00bb550ms\u00a0\u00bb button_text_shadow_style=\u00a0\u00bbpreset3&Prime; global_colors_info=\u00a0\u00bb{}\u00a0\u00bb][\/et_pb_button][\/et_pb_column][\/et_pb_row][et_pb_row column_structure=\u00a0\u00bb1_2,1_2&Prime; _builder_version=\u00a0\u00bb4.4.6&Prime; global_colors_info=\u00a0\u00bb{}\u00a0\u00bb][et_pb_column type=\u00a0\u00bb1_2&Prime; _builder_version=\u00a0\u00bb4.4.6&Prime; global_colors_info=\u00a0\u00bb{}\u00a0\u00bb][et_pb_text _builder_version=\u00a0\u00bb4.10.8&Prime; text_text_color=\u00a0\u00bb#a33da3&Prime; text_font_size=\u00a0\u00bb37px\u00a0\u00bb background_color=\u00a0\u00bbRGBA(0,0,0,0)\u00a0\u00bb hover_enabled=\u00a0\u00bb0&Prime; global_colors_info=\u00a0\u00bb{}\u00a0\u00bb sticky_enabled=\u00a0\u00bb0&Prime;]<\/p>\n<h2><span style=\"color: #3ca17d;\"><strong>Nous soutenir : <\/strong><\/span><\/h2>\n<h3><span style=\"color: #3ca17d;\"><strong>M\u00e9c\u00e9nat d&rsquo;entreprise<\/strong><\/span><\/h3>\n<p>[\/et_pb_text][\/et_pb_column][et_pb_column type=\u00a0\u00bb1_2&Prime; _builder_version=\u00a0\u00bb4.4.6&Prime; global_colors_info=\u00a0\u00bb{}\u00a0\u00bb][et_pb_text _builder_version=\u00a0\u00bb4.10.8&Prime; text_text_color=\u00a0\u00bb#a33da3&Prime; text_font_size=\u00a0\u00bb38px\u00a0\u00bb link_text_color=\u00a0\u00bb#3CA17D\u00a0\u00bb hover_enabled=\u00a0\u00bb0&Prime; global_colors_info=\u00a0\u00bb{}\u00a0\u00bb header_text_color=\u00a0\u00bbRGBA(0,0,0,0)\u00a0\u00bb sticky_enabled=\u00a0\u00bb0&Prime;]<\/p>\n<h3><a href=\"https:\/\/www.helloasso.com\/associations\/consom-actes-coeur-47\/formulaires\/1\">\u00a0 \u00a0 \u00a0M\u00e9c\u00e9nat<strong> \u00e0 titre personnel<\/strong><\/a><\/h3>\n<p>[\/et_pb_text][\/et_pb_column][\/et_pb_row][et_pb_row column_structure=\u00a0\u00bb1_2,1_2&Prime; _builder_version=\u00a0\u00bb4.10.8&Prime; global_colors_info=\u00a0\u00bb{}\u00a0\u00bb][et_pb_column type=\u00a0\u00bb1_2&Prime; _builder_version=\u00a0\u00bb4.4.6&Prime; global_colors_info=\u00a0\u00bb{}\u00a0\u00bb][et_pb_image src=\u00a0\u00bbhttps:\/\/solidrive.fr\/wp-content\/uploads\/2025\/01\/Capture-decran-2025-01-17-134427.png\u00a0\u00bb title_text=\u00a0\u00bbCapture d&rsquo;\u00e9cran 2025-01-17 134427&Prime; _builder_version=\u00a0\u00bb4.10.8&Prime; hover_enabled=\u00a0\u00bb0&Prime; global_colors_info=\u00a0\u00bb{}\u00a0\u00bb sticky_enabled=\u00a0\u00bb0&Prime;][\/et_pb_image][\/et_pb_column][et_pb_column type=\u00a0\u00bb1_2&Prime; _builder_version=\u00a0\u00bb4.4.6&Prime; global_colors_info=\u00a0\u00bb{}\u00a0\u00bb][et_pb_image src=\u00a0\u00bbhttps:\/\/solidrive.fr\/wp-content\/uploads\/2025\/01\/Capture-decran-2025-01-17-134517.png\u00a0\u00bb title_text=\u00a0\u00bbCapture d&rsquo;\u00e9cran 2025-01-17 134517&Prime; _builder_version=\u00a0\u00bb4.10.8&Prime; hover_enabled=\u00a0\u00bb0&Prime; global_colors_info=\u00a0\u00bb{}\u00a0\u00bb sticky_enabled=\u00a0\u00bb0&Prime;][\/et_pb_image][\/et_pb_column][\/et_pb_row][\/et_pb_section][et_pb_section fb_built=\u00a0\u00bb1&Prime; _builder_version=\u00a0\u00bb4.9.2&Prime; _module_preset=\u00a0\u00bbdefault\u00a0\u00bb global_colors_info=\u00a0\u00bb{}\u00a0\u00bb][et_pb_row _builder_version=\u00a0\u00bb4.9.2&Prime; _module_preset=\u00a0\u00bbdefault\u00a0\u00bb global_colors_info=\u00a0\u00bb{}\u00a0\u00bb][et_pb_column type=\u00a0\u00bb4_4&Prime; _builder_version=\u00a0\u00bb4.9.2&Prime; _module_preset=\u00a0\u00bbdefault\u00a0\u00bb global_colors_info=\u00a0\u00bb{}\u00a0\u00bb][et_pb_text _builder_version=\u00a0\u00bb4.10.8&Prime; _module_preset=\u00a0\u00bbdefault\u00a0\u00bb global_colors_info=\u00a0\u00bb{}\u00a0\u00bb]<\/p>\n<h1 style=\"text-align: center;\"><strong><span style=\"color: #800080;\"><span style=\"color: #f7b56a;\">Vous pouvez aussi nous soutenir en vous abonnant \u00e0 nos<\/span> <a href=\"https:\/\/www.instagram.com\/solidrive47\/\">r\u00e9seaux<\/a> <span style=\"color: #3ca17d;\">!<\/span><\/span><\/strong><\/h1>\n<p>[\/et_pb_text][\/et_pb_column][\/et_pb_row][et_pb_row column_structure=\u00a0\u00bb1_3,1_3,1_3&Prime; _builder_version=\u00a0\u00bb4.9.2&Prime; _module_preset=\u00a0\u00bbdefault\u00a0\u00bb global_colors_info=\u00a0\u00bb{}\u00a0\u00bb][et_pb_column type=\u00a0\u00bb1_3&Prime; _builder_version=\u00a0\u00bb4.9.2&Prime; _module_preset=\u00a0\u00bbdefault\u00a0\u00bb global_colors_info=\u00a0\u00bb{}\u00a0\u00bb][et_pb_button button_url=\u00a0\u00bbhttps:\/\/www.facebook.com\/SoliDrive47&Prime; button_text=\u00a0\u00bbFACEBOOK\u00a0\u00bb button_alignment=\u00a0\u00bbcenter\u00a0\u00bb _builder_version=\u00a0\u00bb4.10.8&Prime; _module_preset=\u00a0\u00bbdefault\u00a0\u00bb custom_button=\u00a0\u00bbon\u00a0\u00bb button_text_color=\u00a0\u00bb#3CA17D\u00a0\u00bb box_shadow_style=\u00a0\u00bbpreset4&Prime; global_colors_info=\u00a0\u00bb{}\u00a0\u00bb][\/et_pb_button][\/et_pb_column][et_pb_column type=\u00a0\u00bb1_3&Prime; _builder_version=\u00a0\u00bb4.9.2&Prime; _module_preset=\u00a0\u00bbdefault\u00a0\u00bb global_colors_info=\u00a0\u00bb{}\u00a0\u00bb][et_pb_button button_url=\u00a0\u00bbhttps:\/\/www.instagram.com\/solidrive47\/\u00a0\u00bb button_text=\u00a0\u00bbINSTAGRAM\u00a0\u00bb button_alignment=\u00a0\u00bbcenter\u00a0\u00bb _builder_version=\u00a0\u00bb4.10.8&Prime; _module_preset=\u00a0\u00bbdefault\u00a0\u00bb custom_button=\u00a0\u00bbon\u00a0\u00bb button_text_color=\u00a0\u00bb#3CA17D\u00a0\u00bb box_shadow_style=\u00a0\u00bbpreset4&Prime; global_colors_info=\u00a0\u00bb{}\u00a0\u00bb][\/et_pb_button][\/et_pb_column][et_pb_column type=\u00a0\u00bb1_3&Prime; _builder_version=\u00a0\u00bb4.9.2&Prime; _module_preset=\u00a0\u00bbdefault\u00a0\u00bb global_colors_info=\u00a0\u00bb{}\u00a0\u00bb][et_pb_button button_url=\u00a0\u00bbhttps:\/\/www.linkedin.com\/company\/epicerie-associative-solidrive-47&Prime; button_text=\u00a0\u00bbLINKEDIN\u00a0\u00bb button_alignment=\u00a0\u00bbcenter\u00a0\u00bb _builder_version=\u00a0\u00bb4.10.8&Prime; _module_preset=\u00a0\u00bbdefault\u00a0\u00bb custom_button=\u00a0\u00bbon\u00a0\u00bb button_text_color=\u00a0\u00bb#3CA17D\u00a0\u00bb box_shadow_style=\u00a0\u00bbpreset4&Prime; global_colors_info=\u00a0\u00bb{}\u00a0\u00bb][\/et_pb_button][\/et_pb_column][\/et_pb_row][\/et_pb_section][et_pb_section fb_built=\u00a0\u00bb1&Prime; _builder_version=\u00a0\u00bb4.4.6&Prime; global_colors_info=\u00a0\u00bb{}\u00a0\u00bb][\/et_pb_section]<\/p>\n","protected":false},"excerpt":{"rendered":"<p>Nous soutenirGr\u00e2ce \u00e0 notre reconnaissance d\u2019utilit\u00e9 sociale, vous b\u00e9n\u00e9ficiez d\u2019une r\u00e9duction d\u2019imp\u00f4ts. TOUS SOUTIENNENT NOTRE ASSOCIATION PAR LEURS GESTES SOLIDAIRES ET CITOYENS !\u00a0 REJOIGNEZ-LES ! R\u00e9duction fiscale : \u2022 Si vous \u00eates un particulier, la r\u00e9duction d\u2019imp\u00f4t est de 66% dans la limite de 20% de votre revenu net imposable (au-del\u00e0 de 20%, l\u2019exc\u00e9dent est [&hellip;]<\/p>\n","protected":false},"author":1,"featured_media":0,"parent":0,"menu_order":0,"comment_status":"closed","ping_status":"closed","template":"","meta":{"_et_pb_use_builder":"on","_et_pb_old_content":"<!-- wp:divi\/placeholder \/-->","_et_gb_content_width":"","om_disable_all_campaigns":false,"_monsterinsights_skip_tracking":false,"_monsterinsights_sitenote_active":false,"_monsterinsights_sitenote_note":"","_monsterinsights_sitenote_category":0,"_uf_show_specific_survey":0,"_uf_disable_surveys":false,"footnotes":""},"class_list":["post-31","page","type-page","status-publish","hentry"],"aioseo_notices":[],"_links":{"self":[{"href":"https:\/\/solidrive.fr\/index.php\/wp-json\/wp\/v2\/pages\/31","targetHints":{"allow":["GET"]}}],"collection":[{"href":"https:\/\/solidrive.fr\/index.php\/wp-json\/wp\/v2\/pages"}],"about":[{"href":"https:\/\/solidrive.fr\/index.php\/wp-json\/wp\/v2\/types\/page"}],"author":[{"embeddable":true,"href":"https:\/\/solidrive.fr\/index.php\/wp-json\/wp\/v2\/users\/1"}],"replies":[{"embeddable":true,"href":"https:\/\/solidrive.fr\/index.php\/wp-json\/wp\/v2\/comments?post=31"}],"version-history":[{"count":17,"href":"https:\/\/solidrive.fr\/index.php\/wp-json\/wp\/v2\/pages\/31\/revisions"}],"predecessor-version":[{"id":1649,"href":"https:\/\/solidrive.fr\/index.php\/wp-json\/wp\/v2\/pages\/31\/revisions\/1649"}],"wp:attachment":[{"href":"https:\/\/solidrive.fr\/index.php\/wp-json\/wp\/v2\/media?parent=31"}],"curies":[{"name":"wp","href":"https:\/\/api.w.org\/{rel}","templated":true}]}}