{"id":230,"date":"2020-06-23T14:56:44","date_gmt":"2020-06-23T12:56:44","guid":{"rendered":"http:\/\/solidrive.fr\/?page_id=230"},"modified":"2025-01-17T11:19:40","modified_gmt":"2025-01-17T10:19:40","slug":"modalite-dinscription-solidrive","status":"publish","type":"page","link":"https:\/\/solidrive.fr\/index.php\/modalite-dinscription-solidrive\/","title":{"rendered":"Modalit\u00e9 d&rsquo;inscription"},"content":{"rendered":"<p>[et_pb_section fb_built=\u00a0\u00bb1&Prime; admin_label=\u00a0\u00bbOther Recent Works Section\u00a0\u00bb _builder_version=\u00a0\u00bb4.10.8&Prime; background_color=\u00a0\u00bbRGBA(0,0,0,0)\u00a0\u00bb min_height=\u00a0\u00bb100px\u00a0\u00bb custom_margin=\u00a0\u00bb-7px||25px||false|false\u00a0\u00bb custom_padding=\u00a0\u00bb60px||45px|||\u00a0\u00bb hover_enabled=\u00a0\u00bb0&Prime; global_colors_info=\u00a0\u00bb{}\u00a0\u00bb sticky_enabled=\u00a0\u00bb0&Prime;][et_pb_row admin_label=\u00a0\u00bbService Section Title\u00a0\u00bb _builder_version=\u00a0\u00bb3.25&Prime; background_size=\u00a0\u00bbinitial\u00a0\u00bb background_position=\u00a0\u00bbtop_left\u00a0\u00bb background_repeat=\u00a0\u00bbrepeat\u00a0\u00bb custom_margin=\u00a0\u00bb|auto|4px|auto||\u00a0\u00bb animation_style=\u00a0\u00bbfade\u00a0\u00bb animation_direction=\u00a0\u00bbtop\u00a0\u00bb saved_tabs=\u00a0\u00bball\u00a0\u00bb global_colors_info=\u00a0\u00bb{}\u00a0\u00bb][et_pb_column type=\u00a0\u00bb4_4&Prime; _builder_version=\u00a0\u00bb3.25&Prime; custom_padding=\u00a0\u00bb|||\u00a0\u00bb global_colors_info=\u00a0\u00bb{}\u00a0\u00bb custom_padding__hover=\u00a0\u00bb|||\u00a0\u00bb][et_pb_text admin_label=\u00a0\u00bbSubtitle\u00a0\u00bb _builder_version=\u00a0\u00bb4.4.6&Prime; text_font=\u00a0\u00bbMontserrat|||on|||||\u00a0\u00bb text_text_color=\u00a0\u00bb#ffffff\u00a0\u00bb text_font_size=\u00a0\u00bb39px\u00a0\u00bb text_line_height=\u00a0\u00bb1.8em\u00a0\u00bb header_font=\u00a0\u00bb||||||||\u00a0\u00bb background_size=\u00a0\u00bbinitial\u00a0\u00bb background_position=\u00a0\u00bbtop_left\u00a0\u00bb background_repeat=\u00a0\u00bbrepeat\u00a0\u00bb text_orientation=\u00a0\u00bbcenter\u00a0\u00bb max_width=\u00a0\u00bb700px\u00a0\u00bb module_alignment=\u00a0\u00bbcenter\u00a0\u00bb custom_margin=\u00a0\u00bb|||\u00a0\u00bb animation_style=\u00a0\u00bbslide\u00a0\u00bb animation_direction=\u00a0\u00bbbottom\u00a0\u00bb animation_delay=\u00a0\u00bb100ms\u00a0\u00bb animation_intensity_slide=\u00a0\u00bb4%\u00a0\u00bb global_colors_info=\u00a0\u00bb{}\u00a0\u00bb]<\/p>\n<p><span style=\"color: #f7c68f;\"><strong>Modalit\u00e9 d&rsquo;inscription SoliDrive<\/strong><\/span><\/p>\n<p>[\/et_pb_text][et_pb_text admin_label=\u00a0\u00bbSubtitle\u00a0\u00bb _builder_version=\u00a0\u00bb4.10.8&Prime; text_font=\u00a0\u00bbMontserrat||||\u00a0\u00bb text_text_color=\u00a0\u00bb#f7f7f7&Prime; text_font_size=\u00a0\u00bb16px\u00a0\u00bb text_line_height=\u00a0\u00bb1.8em\u00a0\u00bb header_font=\u00a0\u00bb||||||||\u00a0\u00bb background_size=\u00a0\u00bbinitial\u00a0\u00bb background_position=\u00a0\u00bbtop_left\u00a0\u00bb background_repeat=\u00a0\u00bbrepeat\u00a0\u00bb text_orientation=\u00a0\u00bbcenter\u00a0\u00bb max_width=\u00a0\u00bb700px\u00a0\u00bb module_alignment=\u00a0\u00bbcenter\u00a0\u00bb custom_margin=\u00a0\u00bb|||\u00a0\u00bb animation_style=\u00a0\u00bbslide\u00a0\u00bb animation_direction=\u00a0\u00bbbottom\u00a0\u00bb animation_delay=\u00a0\u00bb100ms\u00a0\u00bb animation_intensity_slide=\u00a0\u00bb4%\u00a0\u00bb hover_enabled=\u00a0\u00bb0&Prime; global_colors_info=\u00a0\u00bb{}\u00a0\u00bb sticky_enabled=\u00a0\u00bb0&Prime;]<\/p>\n<p style=\"text-align: center;\"><span style=\"color: #3ca17d;\">Afin de b\u00e9n\u00e9ficier des <a href=\"https:\/\/solidrive.fr\/index.php\/notre-vision-solidrive-superette-antigaspi-solidaire\/\" style=\"color: #3ca17d;\">sup\u00e9rettes SoliDrive,<\/a> il est demand\u00e9 de payer une<\/span><br \/><span style=\"color: #f7ba74;\"><strong>adh\u00e9sion de 10\u20ac par an, que vous soyez en tarif solidaire ou en tarif r\u00e9duit .\u00a0<\/strong><\/span><\/p>\n<p>[\/et_pb_text][\/et_pb_column][\/et_pb_row][et_pb_row column_structure=\u00a0\u00bb1_2,1_2&Prime; _builder_version=\u00a0\u00bb4.9.2&Prime; _module_preset=\u00a0\u00bbdefault\u00a0\u00bb global_colors_info=\u00a0\u00bb{}\u00a0\u00bb][et_pb_column type=\u00a0\u00bb1_2&Prime; _builder_version=\u00a0\u00bb4.9.2&Prime; _module_preset=\u00a0\u00bbdefault\u00a0\u00bb global_colors_info=\u00a0\u00bb{}\u00a0\u00bb][et_pb_text _builder_version=\u00a0\u00bb4.9.2&Prime; _module_preset=\u00a0\u00bbdefault\u00a0\u00bb global_colors_info=\u00a0\u00bb{}\u00a0\u00bb]<\/p>\n<h2 style=\"text-align: left;\"><span style=\"color: #3ca17d;\"><strong>Modalit\u00e9 d&rsquo;inscription SoliDrive : <\/strong><\/span><\/h2>\n<h3 style=\"text-align: left;\"><span style=\"color: #800080;\"><strong><span style=\"color: #3ca17d;\">TARIF REDUIT :<\/span>\u00a0<\/strong><\/span><\/h3>\n<p style=\"text-align: justify;\"><span style=\"color: #000000;\"><em>Vous souhaitez faire vos courses jusqu&rsquo;\u00e0 70% moins chers qu&rsquo;en grande surface<\/em> ? Prenez RDV dans la sup\u00e9rette de votre choix (Agen ou Foulayronnes) <\/span><\/p>\n<p style=\"text-align: justify;\"><span style=\"color: #000000;\">Lors de votre <span style=\"color: #f7a84f;\">entretien avec un membre de l&rsquo;\u00e9quipe<\/span>, il vous sera demand\u00e9 d&rsquo;amener avec vous les documents suivants :\u00a0<\/span><\/p>\n<ul>\n<li style=\"text-align: justify;\"><span style=\"color: #000000;\"><span style=\"color: #f7b262;\">Justificatifs de vos ressources :<\/span> bulletin de salaire ou autres, allocations de la CAF\/MSA<\/span><\/li>\n<li style=\"text-align: justify;\"><span style=\"color: #000000;\"><span style=\"color: #f7b467;\">Justificatifs de vos charges <\/span>: imp\u00f4ts locaux\/fonciers, loyers, facture d&rsquo;\u00e9lectricit\u00e9\/ gaz\/ eau\/ assurances\/ voiture\/ habitation, abonnement t\u00e9l\u00e9phone\/internet\/mutuelle, cantine, garderie&#8230;<\/span><\/li>\n<li style=\"text-align: justify;\"><span style=\"color: #f7b060;\">Pi\u00e8ce d&rsquo;identit\u00e9 et livret de famille<\/span><\/li>\n<li style=\"text-align: justify;\"><span style=\"color: #f7b060;\">dernier relev\u00e9 d&rsquo;imposition<\/span><\/li>\n<li style=\"text-align: justify;\"><span style=\"color: #f7b060;\">10\u20ac pour l&rsquo;adh\u00e9sion \u00e0 l&rsquo;ann\u00e9e<\/span><\/li>\n<\/ul>\n<p style=\"text-align: center;\"><strong><span style=\"text-decoration: underline; color: #ffffff;\">Comment se passe le rendez-vous\u00a0?\u00a0<\/span><\/strong><\/p>\n<ol>\n<li style=\"text-align: center;\"><span style=\"color: #000000;\">Identification du<span style=\"color: #f7bd7b;\"><strong> budget alimentaire, vestimentaire, d\u2019hygi\u00e8ne et d\u2019entretien<\/strong><\/span><\/span><\/li>\n<li style=\"text-align: center;\"><span style=\"color: #000000;\">Estimation des<span style=\"color: #f7b56a;\"> <strong>\u00e9conomies<\/strong> <\/span>pouvant \u00eatre r\u00e9alis\u00e9es gr\u00e2ce \u00e0 SoliDrive.\u00a0<\/span><\/li>\n<li style=\"text-align: center;\"><span style=\"color: #000000;\">Sur ces \u00e9conomies, nous construisons un<span style=\"color: #f7b262;\"> <strong>projet de vie<\/strong> <\/span>concret<\/span><\/li>\n<\/ol>\n<h4 style=\"text-align: center;\"><span style=\"text-decoration: underline;\"><span style=\"color: #000000; text-decoration: underline;\">A noter que chaque <span style=\"color: #f7931e; text-decoration: underline;\"><strong>personne adh\u00e9rente au tarif r\u00e9duit<\/strong><\/span> doit faire obligatoirement au moins <span style=\"color: #800080; text-decoration: underline;\"><strong><span style=\"color: #f7931e; text-decoration: underline;\"><span>2h d<\/span>e b\u00e9n\u00e9volat par trimestre <\/span><\/strong><\/span>(collecte alimentaire, braderie, mise en rayon, etc&#8230;)\u00a0<\/span><\/span><\/h4>\n<p>[\/et_pb_text][\/et_pb_column][et_pb_column type=\u00a0\u00bb1_2&Prime; _builder_version=\u00a0\u00bb4.9.2&Prime; _module_preset=\u00a0\u00bbdefault\u00a0\u00bb global_colors_info=\u00a0\u00bb{}\u00a0\u00bb][et_pb_text _builder_version=\u00a0\u00bb4.9.2&Prime; _module_preset=\u00a0\u00bbdefault\u00a0\u00bb global_colors_info=\u00a0\u00bb{}\u00a0\u00bb]<\/p>\n<h3><span style=\"color: #3ca17d;\"><strong>TARIF SOLIDAIRE :\u00a0<\/strong><\/span><\/h3>\n<p style=\"text-align: justify;\"><span style=\"color: #000000;\"><em>Vous souhaitez soutenir des familles de personnes qui travaillent tout en faisant vos courses un peu moins chers qu&rsquo;en grande surface ? Vous voulez lutter contre le gaspillage alimentaire ? <\/em><\/span><\/p>\n<p style=\"text-align: justify;\"><span style=\"color: #000000;\">Fa\u00eetes vos courses \u00e0 SoliDrive !! <\/span><\/p>\n<p style=\"text-align: justify;\"><span style=\"color: #000000;\">Il suffit de <span style=\"color: #f7b56a;\">vous rendre directement \u00e0 l\u2019une des \u00e9piceries de votre choix<\/span> ! Pour adh\u00e9rer il faudra payer<span style=\"color: #f7b56a;\"> l&rsquo;adh\u00e9sion<\/span> d&rsquo;un montant de <span style=\"color: #800080;\">10\u20ac<\/span> par an. Ensuite, <\/span><span style=\"color: #000000;\">vous pouvez faire vos courses imm\u00e9diatement (\u00e0 Agen et Foulayronnes) .<\/span><\/p>\n<p>Et si vous voulez nous soutenir par un don Financier, retrouvez les modalit\u00e9s sur <a href=\"https:\/\/www.helloasso.com\/associations\/consom-actes-coeur-47\/formulaires\/1\">Hello Asso<\/a> !<\/p>\n<p style=\"text-align: justify;\"><span style=\"color: #000000;\">Merci pour ce <span style=\"color: #f7b56a;\"><strong>geste \u00e9co-citoyen<\/strong><\/span> !! Les personnes en tarif solidaire repr\u00e9sentent environ <span style=\"color: #f7b262;\"><strong>26% des adh\u00e9rents<\/strong><\/span> de nos sup\u00e9rettes !\u00a0<\/span><\/p>\n<p>[\/et_pb_text][\/et_pb_column][\/et_pb_row][\/et_pb_section]<\/p>\n","protected":false},"excerpt":{"rendered":"<p>Vous souhaitez adh\u00e9rer \u00e0 notre association ? Contactez-nous !! <\/p>\n","protected":false},"author":1,"featured_media":0,"parent":0,"menu_order":0,"comment_status":"closed","ping_status":"closed","template":"","meta":{"_et_pb_use_builder":"on","_et_pb_old_content":"","_et_gb_content_width":"","om_disable_all_campaigns":false,"_monsterinsights_skip_tracking":false,"_monsterinsights_sitenote_active":false,"_monsterinsights_sitenote_note":"","_monsterinsights_sitenote_category":0,"_uf_show_specific_survey":0,"_uf_disable_surveys":false,"footnotes":""},"class_list":["post-230","page","type-page","status-publish","hentry"],"aioseo_notices":[],"_links":{"self":[{"href":"https:\/\/solidrive.fr\/index.php\/wp-json\/wp\/v2\/pages\/230","targetHints":{"allow":["GET"]}}],"collection":[{"href":"https:\/\/solidrive.fr\/index.php\/wp-json\/wp\/v2\/pages"}],"about":[{"href":"https:\/\/solidrive.fr\/index.php\/wp-json\/wp\/v2\/types\/page"}],"author":[{"embeddable":true,"href":"https:\/\/solidrive.fr\/index.php\/wp-json\/wp\/v2\/users\/1"}],"replies":[{"embeddable":true,"href":"https:\/\/solidrive.fr\/index.php\/wp-json\/wp\/v2\/comments?post=230"}],"version-history":[{"count":15,"href":"https:\/\/solidrive.fr\/index.php\/wp-json\/wp\/v2\/pages\/230\/revisions"}],"predecessor-version":[{"id":1605,"href":"https:\/\/solidrive.fr\/index.php\/wp-json\/wp\/v2\/pages\/230\/revisions\/1605"}],"wp:attachment":[{"href":"https:\/\/solidrive.fr\/index.php\/wp-json\/wp\/v2\/media?parent=230"}],"curies":[{"name":"wp","href":"https:\/\/api.w.org\/{rel}","templated":true}]}}