{"id":1277,"date":"2021-08-05T11:25:18","date_gmt":"2021-08-05T09:25:18","guid":{"rendered":"https:\/\/solidrive.fr\/?page_id=1277"},"modified":"2025-01-17T11:28:21","modified_gmt":"2025-01-17T10:28:21","slug":"lutter-contre-le-gaspillage-alimentaire-solidrive","status":"publish","type":"page","link":"https:\/\/solidrive.fr\/index.php\/lutter-contre-le-gaspillage-alimentaire-solidrive\/","title":{"rendered":"Lutter contre le gaspillage alimentaire"},"content":{"rendered":"<p>[et_pb_section fb_built=\u00a0\u00bb1&Prime; admin_label=\u00a0\u00bbCoaching\u00a0\u00bb _builder_version=\u00a0\u00bb3.22&Prime; background_color=\u00a0\u00bb#fafafa\u00a0\u00bb global_colors_info=\u00a0\u00bb{}\u00a0\u00bb][et_pb_row _builder_version=\u00a0\u00bb3.25&Prime; global_colors_info=\u00a0\u00bb{}\u00a0\u00bb][et_pb_column type=\u00a0\u00bb4_4&Prime; _builder_version=\u00a0\u00bb3.25&Prime; custom_padding=\u00a0\u00bb|||\u00a0\u00bb global_colors_info=\u00a0\u00bb{}\u00a0\u00bb custom_padding__hover=\u00a0\u00bb|||\u00a0\u00bb][et_pb_text _builder_version=\u00a0\u00bb4.10.8&Prime; text_font=\u00a0\u00bb||||||||\u00a0\u00bb text_line_height=\u00a0\u00bb2em\u00a0\u00bb header_font=\u00a0\u00bb||||||||\u00a0\u00bb header_3_font=\u00a0\u00bbMerriweather|700|||||||\u00a0\u00bb header_3_font_size=\u00a0\u00bb26px\u00a0\u00bb header_3_line_height=\u00a0\u00bb1.6em\u00a0\u00bb text_orientation=\u00a0\u00bbcenter\u00a0\u00bb max_width=\u00a0\u00bb600px\u00a0\u00bb module_alignment=\u00a0\u00bbcenter\u00a0\u00bb hover_enabled=\u00a0\u00bb0&Prime; header_3_font_size_tablet=\u00a0\u00bb\u00a0\u00bb header_3_font_size_phone=\u00a0\u00bb20px\u00a0\u00bb header_3_font_size_last_edited=\u00a0\u00bbon|phone\u00a0\u00bb locked=\u00a0\u00bboff\u00a0\u00bb global_colors_info=\u00a0\u00bb{}\u00a0\u00bb sticky_enabled=\u00a0\u00bb0&Prime;]<\/p>\n<h3><span style=\"color: #f7af5d;\">LES PRODUITS PROVIENNENT :\u00a0<\/span><\/h3>\n<p>[\/et_pb_text][\/et_pb_column][\/et_pb_row][et_pb_row column_structure=\u00a0\u00bb1_3,1_3,1_3&Prime; _builder_version=\u00a0\u00bb4.10.8&Prime; hover_enabled=\u00a0\u00bb0&Prime; locked=\u00a0\u00bboff\u00a0\u00bb global_colors_info=\u00a0\u00bb{}\u00a0\u00bb sticky_enabled=\u00a0\u00bb0&Prime;][et_pb_column type=\u00a0\u00bb1_3&Prime; _builder_version=\u00a0\u00bb4.10.8&Prime; custom_padding=\u00a0\u00bb|||\u00a0\u00bb hover_enabled=\u00a0\u00bb0&Prime; global_colors_info=\u00a0\u00bb{}\u00a0\u00bb custom_padding__hover=\u00a0\u00bb|||\u00a0\u00bb sticky_enabled=\u00a0\u00bb0&Prime;][et_pb_blurb title=\u00a0\u00bbIndustries agroalimentaires \u00a0\u00bb image=\u00a0\u00bbhttps:\/\/solidrive.fr\/wp-content\/uploads\/2025\/01\/site-solidrive-2.png\u00a0\u00bb image_max_width=\u00a0\u00bb80px\u00a0\u00bb image_max_width_tablet=\u00a0\u00bb60px\u00a0\u00bb image_max_width_phone=\u00a0\u00bb\u00a0\u00bb image_max_width_last_edited=\u00a0\u00bbon|tablet\u00a0\u00bb _builder_version=\u00a0\u00bb4.10.8&Prime; header_font=\u00a0\u00bbMerriweather|700|||||||\u00a0\u00bb header_line_height=\u00a0\u00bb1.8em\u00a0\u00bb body_line_height=\u00a0\u00bb2em\u00a0\u00bb background_color=\u00a0\u00bb#ffffff\u00a0\u00bb text_orientation=\u00a0\u00bbcenter\u00a0\u00bb custom_padding=\u00a0\u00bb30px|30px|30px|30px|true|true\u00a0\u00bb animation_style=\u00a0\u00bbzoom\u00a0\u00bb animation_intensity_zoom=\u00a0\u00bb10%\u00a0\u00bb hover_enabled=\u00a0\u00bb0&Prime; border_radii=\u00a0\u00bbon|10px|10px|10px|10px\u00a0\u00bb border_radii_image=\u00a0\u00bbon|100px|100px|100px|100px\u00a0\u00bb box_shadow_style=\u00a0\u00bbpreset1&Prime; box_shadow_vertical=\u00a0\u00bb10px\u00a0\u00bb box_shadow_blur=\u00a0\u00bb60px\u00a0\u00bb box_shadow_color=\u00a0\u00bbrgba(1,33,92,0.1)\u00a0\u00bb box_shadow_style_image=\u00a0\u00bbpreset1&Prime; box_shadow_vertical_image=\u00a0\u00bb10px\u00a0\u00bb box_shadow_blur_image=\u00a0\u00bb40px\u00a0\u00bb box_shadow_spread_image=\u00a0\u00bb-10px\u00a0\u00bb box_shadow_color_image=\u00a0\u00bb#15c39a\u00a0\u00bb global_colors_info=\u00a0\u00bb{}\u00a0\u00bb sticky_enabled=\u00a0\u00bb0&Prime; title_text=\u00a0\u00bbsite solidrive (2)\u00a0\u00bb][\/et_pb_blurb][\/et_pb_column][et_pb_column type=\u00a0\u00bb1_3&Prime; _builder_version=\u00a0\u00bb3.25&Prime; custom_padding=\u00a0\u00bb40px|||\u00a0\u00bb custom_padding_tablet=\u00a0\u00bb0px|||\u00a0\u00bb custom_padding_last_edited=\u00a0\u00bboff|desktop\u00a0\u00bb global_colors_info=\u00a0\u00bb{}\u00a0\u00bb custom_padding__hover=\u00a0\u00bb|||\u00a0\u00bb][et_pb_blurb title=\u00a0\u00bbDes producteurs du 47&Prime; image=\u00a0\u00bbhttps:\/\/solidrive.fr\/wp-content\/uploads\/2025\/01\/site-solidrive-2.png\u00a0\u00bb image_max_width=\u00a0\u00bb80px\u00a0\u00bb image_max_width_tablet=\u00a0\u00bb60px\u00a0\u00bb image_max_width_phone=\u00a0\u00bb\u00a0\u00bb image_max_width_last_edited=\u00a0\u00bbon|tablet\u00a0\u00bb _builder_version=\u00a0\u00bb4.10.8&Prime; header_font=\u00a0\u00bbMerriweather|700|||||||\u00a0\u00bb header_line_height=\u00a0\u00bb1.8em\u00a0\u00bb body_line_height=\u00a0\u00bb2em\u00a0\u00bb background_color=\u00a0\u00bb#ffffff\u00a0\u00bb text_orientation=\u00a0\u00bbcenter\u00a0\u00bb custom_padding=\u00a0\u00bb30px|30px|30px|30px|true|true\u00a0\u00bb animation_style=\u00a0\u00bbzoom\u00a0\u00bb animation_intensity_zoom=\u00a0\u00bb10%\u00a0\u00bb hover_enabled=\u00a0\u00bb0&Prime; border_radii=\u00a0\u00bbon|10px|10px|10px|10px\u00a0\u00bb border_radii_image=\u00a0\u00bbon|100px|100px|100px|100px\u00a0\u00bb box_shadow_style=\u00a0\u00bbpreset1&Prime; box_shadow_vertical=\u00a0\u00bb10px\u00a0\u00bb box_shadow_blur=\u00a0\u00bb60px\u00a0\u00bb box_shadow_color=\u00a0\u00bbrgba(1,33,92,0.1)\u00a0\u00bb box_shadow_style_image=\u00a0\u00bbpreset1&Prime; box_shadow_vertical_image=\u00a0\u00bb10px\u00a0\u00bb box_shadow_blur_image=\u00a0\u00bb40px\u00a0\u00bb box_shadow_spread_image=\u00a0\u00bb-10px\u00a0\u00bb box_shadow_color_image=\u00a0\u00bb#437a88&Prime; global_colors_info=\u00a0\u00bb{}\u00a0\u00bb title_text=\u00a0\u00bbsite solidrive (2)\u00a0\u00bb sticky_enabled=\u00a0\u00bb0&Prime;][\/et_pb_blurb][\/et_pb_column][et_pb_column type=\u00a0\u00bb1_3&Prime; _builder_version=\u00a0\u00bb3.25&Prime; custom_padding=\u00a0\u00bb|||\u00a0\u00bb global_colors_info=\u00a0\u00bb{}\u00a0\u00bb custom_padding__hover=\u00a0\u00bb|||\u00a0\u00bb][et_pb_blurb title=\u00a0\u00bbPlateformes de destockage\u00a0\u00bb image=\u00a0\u00bbhttps:\/\/solidrive.fr\/wp-content\/uploads\/2025\/01\/site-solidrive-2.png\u00a0\u00bb image_max_width=\u00a0\u00bb80px\u00a0\u00bb image_max_width_tablet=\u00a0\u00bb60px\u00a0\u00bb image_max_width_phone=\u00a0\u00bb\u00a0\u00bb image_max_width_last_edited=\u00a0\u00bbon|tablet\u00a0\u00bb _builder_version=\u00a0\u00bb4.10.8&Prime; header_font=\u00a0\u00bbMerriweather|700|||||||\u00a0\u00bb header_line_height=\u00a0\u00bb1.8em\u00a0\u00bb body_line_height=\u00a0\u00bb2em\u00a0\u00bb background_color=\u00a0\u00bb#ffffff\u00a0\u00bb text_orientation=\u00a0\u00bbcenter\u00a0\u00bb custom_padding=\u00a0\u00bb30px|30px|30px|30px|true|true\u00a0\u00bb animation_style=\u00a0\u00bbzoom\u00a0\u00bb animation_intensity_zoom=\u00a0\u00bb10%\u00a0\u00bb hover_enabled=\u00a0\u00bb0&Prime; border_radii=\u00a0\u00bbon|10px|10px|10px|10px\u00a0\u00bb border_radii_image=\u00a0\u00bbon|100px|100px|100px|100px\u00a0\u00bb box_shadow_style=\u00a0\u00bbpreset1&Prime; box_shadow_vertical=\u00a0\u00bb10px\u00a0\u00bb box_shadow_blur=\u00a0\u00bb60px\u00a0\u00bb box_shadow_color=\u00a0\u00bbrgba(1,33,92,0.1)\u00a0\u00bb box_shadow_style_image=\u00a0\u00bbpreset1&Prime; box_shadow_vertical_image=\u00a0\u00bb10px\u00a0\u00bb box_shadow_blur_image=\u00a0\u00bb40px\u00a0\u00bb box_shadow_spread_image=\u00a0\u00bb-10px\u00a0\u00bb box_shadow_color_image=\u00a0\u00bb#ffc47c\u00a0\u00bb global_colors_info=\u00a0\u00bb{}\u00a0\u00bb title_text=\u00a0\u00bbsite solidrive (2)\u00a0\u00bb sticky_enabled=\u00a0\u00bb0&Prime;][\/et_pb_blurb][\/et_pb_column][\/et_pb_row][\/et_pb_section][et_pb_section fb_built=\u00a0\u00bb1&Prime; _builder_version=\u00a0\u00bb4.10.8&Prime; _module_preset=\u00a0\u00bbdefault\u00a0\u00bb global_colors_info=\u00a0\u00bb{}\u00a0\u00bb][et_pb_row column_structure=\u00a0\u00bb1_2,1_2&Prime; _builder_version=\u00a0\u00bb4.10.8&Prime; _module_preset=\u00a0\u00bbdefault\u00a0\u00bb global_colors_info=\u00a0\u00bb{}\u00a0\u00bb custom_padding=\u00a0\u00bb||36px|||\u00a0\u00bb][et_pb_column type=\u00a0\u00bb1_2&Prime; _builder_version=\u00a0\u00bb4.10.8&Prime; _module_preset=\u00a0\u00bbdefault\u00a0\u00bb global_colors_info=\u00a0\u00bb{}\u00a0\u00bb][et_pb_image src=\u00a0\u00bbhttps:\/\/solidrive.fr\/wp-content\/uploads\/2021\/04\/inigo-de-la-maza-s285sDw5Ikc-unsplash-scaled.jpg\u00a0\u00bb title_text=\u00a0\u00bbinigo-de-la-maza-s285sDw5Ikc-unsplash\u00a0\u00bb align_tablet=\u00a0\u00bbcenter\u00a0\u00bb align_phone=\u00a0\u00bb\u00a0\u00bb align_last_edited=\u00a0\u00bbon|desktop\u00a0\u00bb _builder_version=\u00a0\u00bb4.9.2&Prime; global_colors_info=\u00a0\u00bb{}\u00a0\u00bb][\/et_pb_image][\/et_pb_column][et_pb_column type=\u00a0\u00bb1_2&Prime; _builder_version=\u00a0\u00bb4.10.8&Prime; _module_preset=\u00a0\u00bbdefault\u00a0\u00bb global_colors_info=\u00a0\u00bb{}\u00a0\u00bb][et_pb_text _builder_version=\u00a0\u00bb4.10.8&Prime; _module_preset=\u00a0\u00bbdefault\u00a0\u00bb global_colors_info=\u00a0\u00bb{}\u00a0\u00bb]<\/p>\n<p style=\"text-align: justify;\">Produits non calibr\u00e9s ou ayant quelques petits d\u00e9fauts physiques, voire atypiques, anciens emballages, produits dont la date de durabilit\u00e9 minimale (DDM) est d\u00e9pass\u00e9e\u2026 <span style=\"color: #f7ba74;\"><strong>Tous ces produits ont, gr\u00e2ce \u00e0 nous, une seconde vie et sont ainsi revaloris\u00e9s. Lutter contre le gaspillage alimentaire : c&rsquo;est ce que nous faisons et nous allons vous y convertir.<\/strong><\/span><\/p>\n<p style=\"text-align: justify;\"><span style=\"color: #f7b971;\"><strong>M\u00eame si les arrivages sont al\u00e9atoires, nos sup\u00e9rettes associatives solidaires proposent une offre alimentaire assez compl\u00e8te <\/strong><\/span>: fruits et l\u00e9gumes Bio\/locaux, laitages, poissons, conserves, condiments, surgel\u00e9s, petit-d\u00e9jeuner, boissons, hygi\u00e8ne, entretien etc.<\/p>\n<p style=\"text-align: justify;\"><strong><span style=\"color: #800080;\"><span style=\"color: #f7ac56;\">En d\u00e9mocratisant une consommation plus responsable<\/span>,<\/span> nous revalorisons les produits \u00e9cart\u00e9s des circuits de distribution<\/strong> <strong>en vous les proposant<span style=\"color: #f7ae5b;\"> \u00e0 des prix inf\u00e9rieurs \u00e0 ceux des enseignes traditionnelles.<\/span><\/strong><span style=\"color: #f7ae5b;\"><strong><em>\u00a0<\/em><\/strong><\/span><\/p>\n<p>[\/et_pb_text][\/et_pb_column][\/et_pb_row][et_pb_row _builder_version=\u00a0\u00bb4.10.8&Prime; _module_preset=\u00a0\u00bbdefault\u00a0\u00bb global_colors_info=\u00a0\u00bb{}\u00a0\u00bb][et_pb_column type=\u00a0\u00bb4_4&Prime; _builder_version=\u00a0\u00bb4.10.8&Prime; _module_preset=\u00a0\u00bbdefault\u00a0\u00bb global_colors_info=\u00a0\u00bb{}\u00a0\u00bb][et_pb_text _builder_version=\u00a0\u00bb4.10.8&Prime; _module_preset=\u00a0\u00bbdefault\u00a0\u00bb global_colors_info=\u00a0\u00bb{}\u00a0\u00bb]<\/p>\n<p style=\"text-align: center;\"><span style=\"color: #f7a64a;\"><strong><em>BREF, C&rsquo;est un projet soci\u00e9tal et solidaire que nous menons dans le Lot-Et-Garonne !! <\/em><\/strong><\/span><\/p>\n<p style=\"text-align: justify;\"><strong><em>Que ce soit \u00e0 <span style=\"color: #3ca17d;\">Agen<\/span> ou \u00e0 <span style=\"color: #3ca17d;\">Foulayronnes<\/span>, \u00e0 SoliDrive, l\u2019\u00e9quipes, ses adh\u00e9rents et nos partenaires s\u2019engagent aupr\u00e8s d\u2019eux pour <span style=\"color: #3ca17d;\">promouvoir une consommation antigaspi, saine, \u00e9quilibr\u00e9e, et respectueuse de l\u2019environnement\u00a0! <\/span><\/em><\/strong><\/p>\n<p style=\"text-align: center;\"><span style=\"color: #ff6600;\">Nous savons que le chemin est encore long, mais aujourd\u2019hui\u00a0<strong style=\"font-style: inherit;\">nos sup\u00e9rettes valorisent plus de 2 tonnes de produits par mois<\/strong> !! <a href=\"https:\/\/solidrive.fr\/index.php\/nous-soutenir\/\">Soutenez-nous !<\/a><\/span><\/p>\n<p>[\/et_pb_text][\/et_pb_column][\/et_pb_row][\/et_pb_section]<\/p>\n","protected":false},"excerpt":{"rendered":"<p>LES PRODUITS PROVIENNENT :\u00a0Produits non calibr\u00e9s ou ayant quelques petits d\u00e9fauts physiques, voire atypiques, anciens emballages, produits dont la date de durabilit\u00e9 minimale (DDM) est d\u00e9pass\u00e9e\u2026 Tous ces produits ont, gr\u00e2ce \u00e0 nous, une seconde vie et sont ainsi revaloris\u00e9s. Lutter contre le gaspillage alimentaire : c&rsquo;est ce que nous faisons et nous allons vous [&hellip;]<\/p>\n","protected":false},"author":2,"featured_media":0,"parent":0,"menu_order":0,"comment_status":"closed","ping_status":"closed","template":"","meta":{"_et_pb_use_builder":"on","_et_pb_old_content":"","_et_gb_content_width":"","om_disable_all_campaigns":false,"_monsterinsights_skip_tracking":false,"_monsterinsights_sitenote_active":false,"_monsterinsights_sitenote_note":"","_monsterinsights_sitenote_category":0,"_uf_show_specific_survey":0,"_uf_disable_surveys":false,"footnotes":""},"class_list":["post-1277","page","type-page","status-publish","hentry"],"aioseo_notices":[],"_links":{"self":[{"href":"https:\/\/solidrive.fr\/index.php\/wp-json\/wp\/v2\/pages\/1277","targetHints":{"allow":["GET"]}}],"collection":[{"href":"https:\/\/solidrive.fr\/index.php\/wp-json\/wp\/v2\/pages"}],"about":[{"href":"https:\/\/solidrive.fr\/index.php\/wp-json\/wp\/v2\/types\/page"}],"author":[{"embeddable":true,"href":"https:\/\/solidrive.fr\/index.php\/wp-json\/wp\/v2\/users\/2"}],"replies":[{"embeddable":true,"href":"https:\/\/solidrive.fr\/index.php\/wp-json\/wp\/v2\/comments?post=1277"}],"version-history":[{"count":12,"href":"https:\/\/solidrive.fr\/index.php\/wp-json\/wp\/v2\/pages\/1277\/revisions"}],"predecessor-version":[{"id":1610,"href":"https:\/\/solidrive.fr\/index.php\/wp-json\/wp\/v2\/pages\/1277\/revisions\/1610"}],"wp:attachment":[{"href":"https:\/\/solidrive.fr\/index.php\/wp-json\/wp\/v2\/media?parent=1277"}],"curies":[{"name":"wp","href":"https:\/\/api.w.org\/{rel}","templated":true}]}}